{"id":47,"date":"2024-12-26T10:52:09","date_gmt":"2024-12-26T10:52:09","guid":{"rendered":"https:\/\/cuanhayuda.com\/?page_id=47"},"modified":"2025-12-06T09:00:56","modified_gmt":"2025-12-06T02:00:56","slug":"san-pham","status":"publish","type":"page","link":"https:\/\/cuanhayuda.com\/index.php\/san-pham\/","title":{"rendered":"S\u1ea3n ph\u1ea9m"},"content":{"rendered":"\t\t<div data-elementor-type=\"wp-page\" data-elementor-id=\"47\" class=\"elementor elementor-47\">\n\t\t\t\t<div class=\"elementor-element elementor-element-293bcbf e-flex e-con-boxed e-con e-parent\" data-id=\"293bcbf\" data-element_type=\"container\">\n\t\t\t\t\t<div class=\"e-con-inner\">\n\t\t\t\t<div class=\"elementor-element elementor-element-fd943ac elementor-widget elementor-widget-heading\" data-id=\"fd943ac\" data-element_type=\"widget\" data-widget_type=\"heading.default\">\n\t\t\t\t<div class=\"elementor-widget-container\">\n\t\t\t\t\t<h3 class=\"elementor-heading-title elementor-size-default\">C\u1eadp nh\u1eadt gi\u00e1 cua N\u0103m C\u0103n t\u1ea1i HCM 6\/12\/2025<\/h3>\t\t\t\t<\/div>\n\t\t\t\t<\/div>\n\t\t\t\t\t<\/div>\n\t\t\t\t<\/div>\n\t\t<div class=\"elementor-element elementor-element-e9cc40f e-con-full e-flex e-con e-parent\" data-id=\"e9cc40f\" data-element_type=\"container\">\n\t\t<div class=\"elementor-element elementor-element-38b96c0 e-con-full e-flex e-con e-child\" data-id=\"38b96c0\" data-element_type=\"container\">\n\t\t\t\t<div class=\"elementor-element elementor-element-eea5e4e elementor-widget__width-initial elementor-widget elementor-widget-heading\" data-id=\"eea5e4e\" data-element_type=\"widget\" data-widget_type=\"heading.default\">\n\t\t\t\t<div class=\"elementor-widget-container\">\n\t\t\t\t\t<h2 class=\"elementor-heading-title elementor-size-default\"><h4 class=\"elementor-heading-title elementor-size-default elementor-inline-editing pen\" data-elementor-setting-key=\"title\" data-pen-placeholder=\"Type Here...\" style=\"font-weight: var( --e-global-typography-secondary-font-weight );font-family: var( --e-global-typography-secondary-font-family ), Sans-serif\"><br><\/h4><h4 class=\"elementor-heading-title elementor-size-default elementor-inline-editing pen\" data-elementor-setting-key=\"title\" data-pen-placeholder=\"Type Here...\" style=\"font-weight: var( --e-global-typography-secondary-font-weight );font-family: var( --e-global-typography-secondary-font-family ), Sans-serif\"><br>Cua th\u1ecbt y t\u1ee9: 360k\/kg<br>(250g\/con)<br><br>Cua th\u1ecbt y3:    430k\/kg<br>(400g\/con)<br><br>Cua th\u1ecbt y5:    530k\/kg<br>(550g\/con)<br><br><br><\/h4><br><\/h2>\t\t\t\t<\/div>\n\t\t\t\t<\/div>\n\t\t\t\t<\/div>\n\t\t<div class=\"elementor-element elementor-element-996a0c9 e-con-full e-flex e-con e-child\" data-id=\"996a0c9\" data-element_type=\"container\">\n\t\t\t\t<\/div>\n\t\t<div class=\"elementor-element elementor-element-bc8e2a3 e-con-full e-flex e-con e-child\" data-id=\"bc8e2a3\" data-element_type=\"container\">\n\t\t\t\t<div class=\"elementor-element elementor-element-bc5f8b0 elementor-widget__width-initial elementor-widget elementor-widget-image\" data-id=\"bc5f8b0\" data-element_type=\"widget\" data-widget_type=\"image.default\">\n\t\t\t\t<div class=\"elementor-widget-container\">\n\t\t\t\t\t\t\t\t\t\t\t\t\t\t\t<img fetchpriority=\"high\" decoding=\"async\" width=\"640\" height=\"640\" src=\"https:\/\/cuanhayuda.com\/wp-content\/uploads\/2024\/12\/48-6-1.jpg\" class=\"attachment-large size-large wp-image-260\" alt=\"\" srcset=\"https:\/\/cuanhayuda.com\/wp-content\/uploads\/2024\/12\/48-6-1.jpg 800w, https:\/\/cuanhayuda.com\/wp-content\/uploads\/2024\/12\/48-6-1-300x300.jpg 300w, https:\/\/cuanhayuda.com\/wp-content\/uploads\/2024\/12\/48-6-1-150x150.jpg 150w, https:\/\/cuanhayuda.com\/wp-content\/uploads\/2024\/12\/48-6-1-768x768.jpg 768w\" sizes=\"(max-width: 640px) 100vw, 640px\" \/>\t\t\t\t\t\t\t\t\t\t\t\t\t\t\t<\/div>\n\t\t\t\t<\/div>\n\t\t\t\t<\/div>\n\t\t\t\t<\/div>\n\t\t<div class=\"elementor-element elementor-element-8c45183 e-flex e-con-boxed e-con e-parent\" data-id=\"8c45183\" data-element_type=\"container\">\n\t\t\t\t\t<div class=\"e-con-inner\">\n\t\t\t\t<div class=\"elementor-element elementor-element-727bc9d elementor-widget-divider--view-line_icon elementor-view-default elementor-widget-divider--element-align-center elementor-widget elementor-widget-divider\" data-id=\"727bc9d\" data-element_type=\"widget\" data-widget_type=\"divider.default\">\n\t\t\t\t<div class=\"elementor-widget-container\">\n\t\t\t\t\t\t\t<div class=\"elementor-divider\">\n\t\t\t<span class=\"elementor-divider-separator\">\n\t\t\t\t\t\t\t<div class=\"elementor-icon elementor-divider__element\">\n\t\t\t\t\t<svg aria-hidden=\"true\" class=\"e-font-icon-svg e-fas-star\" viewBox=\"0 0 576 512\" xmlns=\"http:\/\/www.w3.org\/2000\/svg\"><path d=\"M259.3 17.8L194 150.2 47.9 171.5c-26.2 3.8-36.7 36.1-17.7 54.6l105.7 103-25 145.5c-4.5 26.3 23.2 46 46.4 33.7L288 439.6l130.7 68.7c23.2 12.2 50.9-7.4 46.4-33.7l-25-145.5 105.7-103c19-18.5 8.5-50.8-17.7-54.6L382 150.2 316.7 17.8c-11.7-23.6-45.6-23.9-57.4 0z\"><\/path><\/svg><\/div>\n\t\t\t\t\t\t<\/span>\n\t\t<\/div>\n\t\t\t\t\t\t<\/div>\n\t\t\t\t<\/div>\n\t\t\t\t\t<\/div>\n\t\t\t\t<\/div>\n\t\t<div class=\"elementor-element elementor-element-43efbf2 e-con-full e-flex e-con e-parent\" data-id=\"43efbf2\" data-element_type=\"container\">\n\t\t<div class=\"elementor-element elementor-element-e2fcf1f e-con-full e-flex e-con e-child\" data-id=\"e2fcf1f\" data-element_type=\"container\">\n\t\t\t\t<div class=\"elementor-element elementor-element-0ced586 elementor-widget elementor-widget-heading\" data-id=\"0ced586\" data-element_type=\"widget\" data-widget_type=\"heading.default\">\n\t\t\t\t<div class=\"elementor-widget-container\">\n\t\t\t\t\t<h2 class=\"elementor-heading-title elementor-size-default\"><br><h4 class=\"elementor-heading-title elementor-size-default elementor-inline-editing pen\" data-elementor-setting-key=\"title\" data-pen-placeholder=\"Type Here...\" style=\"font-weight: var( --e-global-typography-secondary-font-weight );font-family: var( --e-global-typography-secondary-font-family ), Sans-serif\">Cua g\u1ea1ch nh\u1ecf: 530k\/kg<br>(240g\/con)<br><br><br>Cua g\u1ea1ch l\u1edbn:  650k\/kg<br>(350g\/con)<\/h4><\/h2>\t\t\t\t<\/div>\n\t\t\t\t<\/div>\n\t\t\t\t<\/div>\n\t\t<div class=\"elementor-element elementor-element-9148de6 e-con-full e-flex e-con e-child\" data-id=\"9148de6\" data-element_type=\"container\">\n\t\t\t\t<div class=\"elementor-element elementor-element-cf52c31 elementor-widget__width-initial elementor-widget elementor-widget-image\" data-id=\"cf52c31\" data-element_type=\"widget\" data-widget_type=\"image.default\">\n\t\t\t\t<div class=\"elementor-widget-container\">\n\t\t\t\t\t\t\t\t\t\t\t\t\t\t\t<img decoding=\"async\" width=\"640\" height=\"640\" src=\"https:\/\/cuanhayuda.com\/wp-content\/uploads\/2024\/12\/1-40-2.jpg\" class=\"attachment-large size-large wp-image-231\" alt=\"\" srcset=\"https:\/\/cuanhayuda.com\/wp-content\/uploads\/2024\/12\/1-40-2.jpg 800w, https:\/\/cuanhayuda.com\/wp-content\/uploads\/2024\/12\/1-40-2-300x300.jpg 300w, https:\/\/cuanhayuda.com\/wp-content\/uploads\/2024\/12\/1-40-2-150x150.jpg 150w, https:\/\/cuanhayuda.com\/wp-content\/uploads\/2024\/12\/1-40-2-768x768.jpg 768w\" sizes=\"(max-width: 640px) 100vw, 640px\" \/>\t\t\t\t\t\t\t\t\t\t\t\t\t\t\t<\/div>\n\t\t\t\t<\/div>\n\t\t\t\t<\/div>\n\t\t\t\t<\/div>\n\t\t<div class=\"elementor-element elementor-element-c2c6591 e-flex e-con-boxed e-con e-parent\" data-id=\"c2c6591\" data-element_type=\"container\">\n\t\t\t\t\t<div class=\"e-con-inner\">\n\t\t\t\t<div class=\"elementor-element elementor-element-e59a0dc elementor-widget-divider--view-line_icon elementor-view-default elementor-widget-divider--element-align-center elementor-widget elementor-widget-divider\" data-id=\"e59a0dc\" data-element_type=\"widget\" data-widget_type=\"divider.default\">\n\t\t\t\t<div class=\"elementor-widget-container\">\n\t\t\t\t\t\t\t<div class=\"elementor-divider\">\n\t\t\t<span class=\"elementor-divider-separator\">\n\t\t\t\t\t\t\t<div class=\"elementor-icon elementor-divider__element\">\n\t\t\t\t\t<svg aria-hidden=\"true\" class=\"e-font-icon-svg e-fas-star\" viewBox=\"0 0 576 512\" xmlns=\"http:\/\/www.w3.org\/2000\/svg\"><path d=\"M259.3 17.8L194 150.2 47.9 171.5c-26.2 3.8-36.7 36.1-17.7 54.6l105.7 103-25 145.5c-4.5 26.3 23.2 46 46.4 33.7L288 439.6l130.7 68.7c23.2 12.2 50.9-7.4 46.4-33.7l-25-145.5 105.7-103c19-18.5 8.5-50.8-17.7-54.6L382 150.2 316.7 17.8c-11.7-23.6-45.6-23.9-57.4 0z\"><\/path><\/svg><\/div>\n\t\t\t\t\t\t<\/span>\n\t\t<\/div>\n\t\t\t\t\t\t<\/div>\n\t\t\t\t<\/div>\n\t\t\t\t\t<\/div>\n\t\t\t\t<\/div>\n\t\t<div class=\"elementor-element elementor-element-d749fa8 e-con-full e-flex e-con e-parent\" data-id=\"d749fa8\" data-element_type=\"container\">\n\t\t<div class=\"elementor-element elementor-element-bb2c630 e-con-full e-flex e-con e-child\" data-id=\"bb2c630\" data-element_type=\"container\">\n\t\t\t\t<div class=\"elementor-element elementor-element-7952da9 elementor-widget elementor-widget-heading\" data-id=\"7952da9\" data-element_type=\"widget\" data-widget_type=\"heading.default\">\n\t\t\t\t<div class=\"elementor-widget-container\">\n\t\t\t\t\t<h2 class=\"elementor-heading-title elementor-size-default\"><br><h4 class=\"elementor-heading-title elementor-size-default elementor-inline-editing pen\" data-elementor-setting-key=\"title\" data-pen-placeholder=\"Type Here...\" style=\"font-weight: var( --e-global-typography-secondary-font-weight );font-family: var( --e-global-typography-secondary-font-family ), Sans-serif\">Cua don: 180k\/kg<br>(140g\/con)<br><br><br>Cua don:  270k\/kg<br>(180g\/con)<br><br><br>Cua y\u1ebfm vu\u00f4ng:  380k\/kg<br>(230g\/con)<\/h4><\/h2>\t\t\t\t<\/div>\n\t\t\t\t<\/div>\n\t\t\t\t<\/div>\n\t\t<div class=\"elementor-element elementor-element-5466f47 e-con-full e-flex e-con e-child\" data-id=\"5466f47\" data-element_type=\"container\">\n\t\t\t\t<div class=\"elementor-element elementor-element-c7961d2 elementor-widget__width-initial elementor-widget elementor-widget-image\" data-id=\"c7961d2\" data-element_type=\"widget\" data-widget_type=\"image.default\">\n\t\t\t\t<div class=\"elementor-widget-container\">\n\t\t\t\t\t\t\t\t\t\t\t\t\t\t\t<img decoding=\"async\" width=\"640\" height=\"618\" src=\"https:\/\/cuanhayuda.com\/wp-content\/uploads\/2024\/12\/49-14-1-1024x988.jpg\" class=\"attachment-large size-large wp-image-232\" alt=\"\" srcset=\"https:\/\/cuanhayuda.com\/wp-content\/uploads\/2024\/12\/49-14-1-1024x988.jpg 1024w, https:\/\/cuanhayuda.com\/wp-content\/uploads\/2024\/12\/49-14-1-300x289.jpg 300w, https:\/\/cuanhayuda.com\/wp-content\/uploads\/2024\/12\/49-14-1-768x741.jpg 768w, https:\/\/cuanhayuda.com\/wp-content\/uploads\/2024\/12\/49-14-1.jpg 1444w\" sizes=\"(max-width: 640px) 100vw, 640px\" \/>\t\t\t\t\t\t\t\t\t\t\t\t\t\t\t<\/div>\n\t\t\t\t<\/div>\n\t\t\t\t<\/div>\n\t\t\t\t<\/div>\n\t\t<div class=\"elementor-element elementor-element-b9dfa67 e-flex e-con-boxed e-con e-parent\" data-id=\"b9dfa67\" data-element_type=\"container\">\n\t\t\t\t\t<div class=\"e-con-inner\">\n\t\t\t\t<div class=\"elementor-element elementor-element-71ebd45 elementor-widget-divider--view-line_icon elementor-view-default elementor-widget-divider--element-align-center elementor-widget elementor-widget-divider\" data-id=\"71ebd45\" data-element_type=\"widget\" data-widget_type=\"divider.default\">\n\t\t\t\t<div class=\"elementor-widget-container\">\n\t\t\t\t\t\t\t<div class=\"elementor-divider\">\n\t\t\t<span class=\"elementor-divider-separator\">\n\t\t\t\t\t\t\t<div class=\"elementor-icon elementor-divider__element\">\n\t\t\t\t\t<svg aria-hidden=\"true\" class=\"e-font-icon-svg e-fas-star\" viewBox=\"0 0 576 512\" xmlns=\"http:\/\/www.w3.org\/2000\/svg\"><path d=\"M259.3 17.8L194 150.2 47.9 171.5c-26.2 3.8-36.7 36.1-17.7 54.6l105.7 103-25 145.5c-4.5 26.3 23.2 46 46.4 33.7L288 439.6l130.7 68.7c23.2 12.2 50.9-7.4 46.4-33.7l-25-145.5 105.7-103c19-18.5 8.5-50.8-17.7-54.6L382 150.2 316.7 17.8c-11.7-23.6-45.6-23.9-57.4 0z\"><\/path><\/svg><\/div>\n\t\t\t\t\t\t<\/span>\n\t\t<\/div>\n\t\t\t\t\t\t<\/div>\n\t\t\t\t<\/div>\n\t\t\t\t\t<\/div>\n\t\t\t\t<\/div>\n\t\t\t\t<section class=\"elementor-section elementor-top-section elementor-element elementor-element-3c6c6d47 elementor-section-boxed elementor-section-height-default elementor-section-height-default\" data-id=\"3c6c6d47\" data-element_type=\"section\">\n\t\t\t\t\t\t<div class=\"elementor-container elementor-column-gap-default\">\n\t\t\t\t\t<div class=\"elementor-column elementor-col-100 elementor-top-column elementor-element elementor-element-256249cf\" data-id=\"256249cf\" data-element_type=\"column\" data-settings=\"{&quot;background_background&quot;:&quot;classic&quot;}\">\n\t\t\t<div class=\"elementor-widget-wrap elementor-element-populated\">\n\t\t\t\t\t<div class=\"elementor-background-overlay\"><\/div>\n\t\t\t\t\t\t<div class=\"elementor-element elementor-element-6b0a491 elementor-widget elementor-widget-heading\" data-id=\"6b0a491\" data-element_type=\"widget\" data-widget_type=\"heading.default\">\n\t\t\t\t<div class=\"elementor-widget-container\">\n\t\t\t\t\t<h4 class=\"elementor-heading-title elementor-size-default\">\"H\u00e3y th\u01b0\u1edfng th\u1ee9c cua t\u01b0\u01a1i ngon ngay khi n\u00f3 c\u00f2n s\u1ed1ng!\"<br><br>   Cua l\u00e0 m\u00f3n h\u1ea3i s\u1ea3n tuy\u1ec7t v\u1eddi, nh\u01b0ng \u0111\u1ec3 \u0111\u1ea3m b\u1ea3o h\u01b0\u01a1ng v\u1ecb tuy\u1ec7t h\u1ea3o v\u00e0 gi\u00e1 tr\u1ecb dinh d\u01b0\u1ee1ng, b\u1ea1n kh\u00f4ng n\u00ean \u0111\u1ec3 cua qua \u0111\u00eam. Khi cua b\u1ecb tr\u1eef qu\u00e1 l\u00e2u, kh\u00f4ng ch\u1ec9 m\u1ea5t \u0111i \u0111\u1ed9 t\u01b0\u01a1i, m\u00e0 c\u00f2n c\u00f3 th\u1ec3 \u1ea3nh h\u01b0\u1edfng \u0111\u1ebfn s\u1ee9c kh\u1ecfe. H\u00e3y t\u01b0\u1edfng t\u01b0\u1ee3ng b\u1ea1n \u0111ang th\u01b0\u1edfng th\u1ee9c nh\u1eefng con cua v\u1eeba \u0111\u01b0\u1ee3c \u0111\u00e1nh b\u1eaft, th\u1ecbt ch\u1eafc ng\u1ecdt, n\u01b0\u1edbc d\u00f9ng \u0111\u1eadm \u0111\u00e0, m\u1ed9t tr\u1ea3i nghi\u1ec7m kh\u00f4ng th\u1ec3 thay th\u1ebf. \u0110\u1eebng \u0111\u1ec3 th\u1eddi gian l\u00e0m m\u1ea5t \u0111i s\u1ef1 t\u01b0\u01a1i m\u1edbi c\u1ee7a h\u1ea3i s\u1ea3n \u2013 \u0111\u1eebng ch\u1edd \u0111\u1ebfn ng\u00e0y mai \u0111\u1ec3 c\u1ea3m nh\u1eadn h\u01b0\u01a1ng v\u1ecb tuy\u1ec7t v\u1eddi h\u00f4m nay!<\/h4>\t\t\t\t<\/div>\n\t\t\t\t<\/div>\n\t\t\t\t\t<\/div>\n\t\t<\/div>\n\t\t\t\t\t<\/div>\n\t\t<\/section>\n\t\t<div class=\"elementor-element elementor-element-544b198 e-flex e-con-boxed e-con e-parent\" data-id=\"544b198\" data-element_type=\"container\">\n\t\t\t\t\t<div class=\"e-con-inner\">\n\t\t\t\t<div class=\"elementor-element elementor-element-6e668d6 elementor-widget elementor-widget-image\" data-id=\"6e668d6\" data-element_type=\"widget\" data-widget_type=\"image.default\">\n\t\t\t\t<div class=\"elementor-widget-container\">\n\t\t\t\t\t\t\t\t\t\t\t\t\t\t\t<img loading=\"lazy\" decoding=\"async\" width=\"640\" height=\"226\" src=\"https:\/\/cuanhayuda.com\/wp-content\/uploads\/2024\/12\/2-1-1024x362.jpg\" class=\"attachment-large size-large wp-image-154\" alt=\"\" srcset=\"https:\/\/cuanhayuda.com\/wp-content\/uploads\/2024\/12\/2-1-1024x362.jpg 1024w, https:\/\/cuanhayuda.com\/wp-content\/uploads\/2024\/12\/2-1-300x106.jpg 300w, https:\/\/cuanhayuda.com\/wp-content\/uploads\/2024\/12\/2-1-768x271.jpg 768w, https:\/\/cuanhayuda.com\/wp-content\/uploads\/2024\/12\/2-1-1536x543.jpg 1536w, https:\/\/cuanhayuda.com\/wp-content\/uploads\/2024\/12\/2-1.jpg 1884w\" sizes=\"(max-width: 640px) 100vw, 640px\" \/>\t\t\t\t\t\t\t\t\t\t\t\t\t\t\t<\/div>\n\t\t\t\t<\/div>\n\t\t\t\t\t<\/div>\n\t\t\t\t<\/div>\n\t\t\t\t<\/div>\n\t\t","protected":false},"excerpt":{"rendered":"<p>C\u1eadp nh\u1eadt gi\u00e1 cua N\u0103m C\u0103n t\u1ea1i HCM 6\/12\/2025 Cua th\u1ecbt y t\u1ee9: 360k\/kg(250g\/con) Cua th\u1ecbt y3: 430k\/kg(400g\/con) Cua th\u1ecbt y5: 530k\/kg(550g\/con) Cua g\u1ea1ch nh\u1ecf: [&hellip;]<\/p>\n","protected":false},"author":1,"featured_media":0,"parent":0,"menu_order":0,"comment_status":"closed","ping_status":"closed","template":"","meta":{"footnotes":""},"class_list":["post-47","page","type-page","status-publish","hentry"],"_links":{"self":[{"href":"https:\/\/cuanhayuda.com\/index.php\/wp-json\/wp\/v2\/pages\/47","targetHints":{"allow":["GET"]}}],"collection":[{"href":"https:\/\/cuanhayuda.com\/index.php\/wp-json\/wp\/v2\/pages"}],"about":[{"href":"https:\/\/cuanhayuda.com\/index.php\/wp-json\/wp\/v2\/types\/page"}],"author":[{"embeddable":true,"href":"https:\/\/cuanhayuda.com\/index.php\/wp-json\/wp\/v2\/users\/1"}],"replies":[{"embeddable":true,"href":"https:\/\/cuanhayuda.com\/index.php\/wp-json\/wp\/v2\/comments?post=47"}],"version-history":[{"count":289,"href":"https:\/\/cuanhayuda.com\/index.php\/wp-json\/wp\/v2\/pages\/47\/revisions"}],"predecessor-version":[{"id":537,"href":"https:\/\/cuanhayuda.com\/index.php\/wp-json\/wp\/v2\/pages\/47\/revisions\/537"}],"wp:attachment":[{"href":"https:\/\/cuanhayuda.com\/index.php\/wp-json\/wp\/v2\/media?parent=47"}],"curies":[{"name":"wp","href":"https:\/\/api.w.org\/{rel}","templated":true}]}}