{"id":45,"date":"2024-12-26T10:51:50","date_gmt":"2024-12-26T10:51:50","guid":{"rendered":"https:\/\/cuanhayuda.com\/?page_id=45"},"modified":"2025-06-28T17:45:39","modified_gmt":"2025-06-28T10:45:39","slug":"lien-he-2","status":"publish","type":"page","link":"https:\/\/cuanhayuda.com\/index.php\/lien-he-2\/","title":{"rendered":"Li\u00ean h\u1ec7"},"content":{"rendered":"\t\t<div data-elementor-type=\"wp-page\" data-elementor-id=\"45\" class=\"elementor elementor-45\">\n\t\t\t\t<div class=\"elementor-element elementor-element-5ea53ae9 e-flex e-con-boxed e-con e-parent\" data-id=\"5ea53ae9\" data-element_type=\"container\">\n\t\t\t\t\t<div class=\"e-con-inner\">\n\t\t\t\t<div class=\"elementor-element elementor-element-72e205d0 elementor-widget elementor-widget-text-editor\" data-id=\"72e205d0\" data-element_type=\"widget\" data-widget_type=\"text-editor.default\">\n\t\t\t\t<div class=\"elementor-widget-container\">\n\t\t\t\t\t\t\t\t\t<div class=\"wp-block-group alignfull\" style=\"padding: var(--wp--preset--spacing--superbspacing-large) var(--wp--preset--spacing--superbspacing-small) var(--wp--preset--spacing--superbspacing-large) var(--wp--preset--spacing--superbspacing-small);\">\n<p><\/p>\n<div class=\"wp-block-columns alignwide is-layout-flex wp-container-core-columns-is-layout-95ad091b wp-block-columns-is-layout-flex\">\n<p><\/p>\n<div class=\"wp-block-column is-vertically-aligned-center is-layout-flow wp-block-column-is-layout-flow\" style=\"padding-right: 0; padding-bottom: 0; padding-left: 0;\">\n<p><\/p>\n<figure class=\"wp-block-image size-large has-custom-border wp-duotone-unset-2\"><img decoding=\"async\" style=\"border-radius: 0px;\" src=\"https:\/\/cuanhayuda.com\/wp-content\/themes\/lakeside-blogger\/assets\/images\/lakeside-blogger-contact1.jpg\" alt=\"\"><\/figure>\n<p><\/p>\n<\/div>\n<p><\/p>\n<p><\/p>\n<div class=\"wp-block-column is-vertically-aligned-center is-layout-flow wp-block-column-is-layout-flow\">\n<p><\/p>\n<div class=\"wp-block-group\"><div class=\"wp-block-group__inner-container is-layout-constrained wp-block-group-is-layout-constrained\">\n<p><\/p>\n<h2 class=\"wp-block-heading has-text-align-left has-contrast-color has-text-color has-superbfont-xlarge-font-size\">CUA NH\u00c0 YUDA<\/h2>\n<p><\/p>\n<p><\/p>\n<p class=\"has-text-align-left has-secondary-color has-text-color has-superbfont-small-font-size\">V\u1edbi ph\u01b0\u01a1ng ch\u00e2m l\u00e0 &#8220;Ch\u00fang t\u00f4i kh\u00f4ng tr\u1eef cua, v\u00ec ch\u1ec9 c\u00f3 t\u01b0\u01a1i m\u1edbi l\u00e0 t\u1ed1t nh\u1ea5t, an to\u00e0n s\u1ee9c kh\u1ecfe cho ng\u01b0\u1eddi ti\u00eau d\u00f9ng&#8221;, ch\u00fang t\u00f4i nh\u1eadn \u0111\u01a1n h\u00e0ng trong bu\u1ed5i s\u00e1ng v\u00e0 giao cua ngay trong bu\u1ed5i s\u00e1ng ng\u00e0y h\u00f4m sau.<\/p>\n<p><\/p>\n<p><\/p>\n<p>H\u00e2n h\u1ea1nh \u0111\u01b0\u1ee3c ph\u1ee5c v\u1ee5 qu\u00fd kh\u00e1ch!<\/p>\n<p><\/p>\n<\/div><\/div>\n<p><\/p>\n<p><\/p>\n<div class=\"wp-block-group\"><div class=\"wp-block-group__inner-container is-layout-constrained wp-block-group-is-layout-constrained\">\n<p><\/p>\n<div class=\"wp-block-columns is-layout-flex wp-container-core-columns-is-layout-5538e7d7 wp-block-columns-is-layout-flex\">\n<p><\/p>\n<div class=\"wp-block-column is-layout-flow wp-block-column-is-layout-flow\">\n<p><\/p>\n<figure class=\"wp-block-image size-large is-resized\"><img decoding=\"async\" style=\"width: 32px; height: 32px;\" src=\"https:\/\/superbdemo.com\/superb-addons-images\/wp-content\/uploads\/2023\/08\/icon-email.png\" alt=\"\"><\/figure>\n<p><\/p>\n<p><\/p>\n<div class=\"wp-block-group has-base-background-color has-background is-vertical is-layout-flex wp-container-core-group-is-layout-f407720a wp-block-group-is-layout-flex\" style=\"border-style: none; border-width: 0px; border-radius: 0px; padding: 0;\">\n<p><\/p>\n<h3 class=\"wp-block-heading has-primary-color has-text-color has-superbfont-xsmall-font-size\">Email<\/h3>\n<h3 class=\"wp-block-heading has-primary-color has-text-color has-superbfont-xsmall-font-size\"><span style=\"font-size: 13.8664px; color: rgb(5, 0, 0); font-family: Roboto, sans-serif;\">cuacamautuyen<\/span><\/h3><h3 class=\"wp-block-heading has-primary-color has-text-color has-superbfont-xsmall-font-size\"><span style=\"font-size: 13.8664px; color: rgb(5, 0, 0); font-family: Roboto, sans-serif;\">@gmail<\/span><span style=\"color: rgb(5, 0, 0); font-family: Roboto, sans-serif; font-size: 13.8664px;\">.com<\/span><\/h3>\n<p><\/p>\n<\/div>\n<p><\/p>\n<\/div>\n<p><\/p>\n<p><\/p>\n<div class=\"wp-block-column is-layout-flow wp-block-column-is-layout-flow\">\n<p><\/p>\n<figure class=\"wp-block-image size-large is-resized\"><img decoding=\"async\" style=\"width: 32px; height: 32px;\" src=\"https:\/\/superbdemo.com\/superb-addons-images\/wp-content\/uploads\/2023\/08\/icon-phone-call.png\" alt=\"\"><\/figure>\n<p><\/p>\n<p><\/p>\n<div class=\"wp-block-group has-base-background-color has-background is-vertical is-layout-flex wp-container-core-group-is-layout-f407720a wp-block-group-is-layout-flex\" style=\"border-style: none; border-width: 0px; border-radius: 0px; padding: 0;\">\n<p><\/p>\n<h3 class=\"wp-block-heading has-primary-color has-text-color has-superbfont-xsmall-font-size\">S\u1ed1 \u0111i\u1ec7n tho\u1ea1i:&nbsp;<\/h3>\n<h3 class=\"wp-block-heading has-primary-color has-text-color has-superbfont-xsmall-font-size\"><span style=\"font-size: 13.8664px; color: rgb(5, 0, 0); font-family: Roboto, sans-serif;\">0938 334 179 ho\u1eb7c&nbsp;<\/span><\/h3>\n<h3 class=\"wp-block-heading has-primary-color has-text-color has-superbfont-xsmall-font-size\"><span style=\"font-size: 13.8664px; color: rgb(5, 0, 0); font-family: Roboto, sans-serif;\">0909 409 531<\/span><\/h3>\n<p><\/p>\n<\/div>\n<p><\/p>\n<\/div>\n<p><\/p>\n<\/div>\n<p><\/p>\n<p><\/p>\n<div class=\"wp-block-columns is-layout-flex wp-container-core-columns-is-layout-5538e7d7 wp-block-columns-is-layout-flex\">\n<p><\/p>\n<div class=\"wp-block-column is-layout-flow wp-block-column-is-layout-flow\">\n<p><\/p>\n<figure class=\"wp-block-image size-large is-resized\"><img decoding=\"async\" style=\"width: 32px; height: 32px;\" src=\"https:\/\/superbdemo.com\/superb-addons-images\/wp-content\/uploads\/2023\/08\/icon-clock-afternoon.png\" alt=\"\"><\/figure>\n<p><\/p>\n<p><\/p>\n<div class=\"wp-block-group has-base-background-color has-background is-vertical is-layout-flex wp-container-core-group-is-layout-f407720a wp-block-group-is-layout-flex\" style=\"border-style: none; border-width: 0px; border-radius: 0px; padding: 0;\">\n<p><\/p>\n<h3 class=\"wp-block-heading has-primary-color has-text-color has-superbfont-xsmall-font-size\">L\u1ecbch l\u00e0m vi\u1ec7c<\/h3>\n<p><\/p>\n<p><\/p>\n<p class=\"has-secondary-color has-text-color has-superbfont-xxsmall-font-size\">Th\u1ee9 2 &#8211; Ch\u1ee7 nh\u1eadt<br>07:00 &#8211; 10:00<\/p>\n<p><\/p>\n<\/div>\n<p><\/p>\n<\/div>\n<p><\/p>\n<p><\/p>\n<div class=\"wp-block-column is-layout-flow wp-block-column-is-layout-flow\">\n<p><\/p>\n<figure class=\"wp-block-image size-large is-resized\"><img decoding=\"async\" style=\"width: 32px; height: 32px;\" src=\"https:\/\/superbdemo.com\/superb-addons-images\/wp-content\/uploads\/2023\/08\/icon-push-pin-simple.png\" alt=\"\"><\/figure>\n<p><\/p>\n<p><\/p>\n<div class=\"wp-block-group has-base-background-color has-background is-vertical is-layout-flex wp-container-core-group-is-layout-f407720a wp-block-group-is-layout-flex\" style=\"border-style: none; border-width: 0px; border-radius: 0px; padding: 0;\">\n<p><\/p>\n<h3 class=\"wp-block-heading has-primary-color has-text-color has-superbfont-xsmall-font-size\">\u0110\u1ecba ch\u1ec9<\/h3>\n<p><\/p>\n<p><\/p>\n<p class=\"has-secondary-color has-text-color has-superbfont-xxsmall-font-size\">36 Mai Ch\u00ed Th\u1ecd, An Ph\u00fa, Qu\u1eadn 2, TP Th\u1ee7 \u0110\u1ee9c<\/p>\n<p><\/p>\n<\/div>\n<p><\/p>\n<\/div>\n<p><\/p>\n<\/div>\n<p><\/p>\n<\/div><\/div>\n<p><\/p>\n<\/div>\n<p><\/p>\n<\/div>\n<p><\/p>\n<\/div>\n<p><!-- \/wp:group --><\/p>\t\t\t\t\t\t\t\t<\/div>\n\t\t\t\t<\/div>\n\t\t\t\t\t<\/div>\n\t\t\t\t<\/div>\n\t\t<div class=\"elementor-element elementor-element-846b7ba e-flex e-con-boxed e-con e-parent\" data-id=\"846b7ba\" data-element_type=\"container\">\n\t\t\t\t\t<div class=\"e-con-inner\">\n\t\t\t\t<div class=\"elementor-element elementor-element-98926cc elementor-widget-divider--view-line_icon elementor-view-default elementor-widget-divider--element-align-center elementor-widget elementor-widget-divider\" data-id=\"98926cc\" data-element_type=\"widget\" data-widget_type=\"divider.default\">\n\t\t\t\t<div class=\"elementor-widget-container\">\n\t\t\t\t\t\t\t<div class=\"elementor-divider\">\n\t\t\t<span class=\"elementor-divider-separator\">\n\t\t\t\t\t\t\t<div class=\"elementor-icon elementor-divider__element\">\n\t\t\t\t\t<svg aria-hidden=\"true\" class=\"e-font-icon-svg e-fas-star\" viewBox=\"0 0 576 512\" xmlns=\"http:\/\/www.w3.org\/2000\/svg\"><path d=\"M259.3 17.8L194 150.2 47.9 171.5c-26.2 3.8-36.7 36.1-17.7 54.6l105.7 103-25 145.5c-4.5 26.3 23.2 46 46.4 33.7L288 439.6l130.7 68.7c23.2 12.2 50.9-7.4 46.4-33.7l-25-145.5 105.7-103c19-18.5 8.5-50.8-17.7-54.6L382 150.2 316.7 17.8c-11.7-23.6-45.6-23.9-57.4 0z\"><\/path><\/svg><\/div>\n\t\t\t\t\t\t<\/span>\n\t\t<\/div>\n\t\t\t\t\t\t<\/div>\n\t\t\t\t<\/div>\n\t\t\t\t\t<\/div>\n\t\t\t\t<\/div>\n\t\t<div class=\"elementor-element elementor-element-b8290d1 e-flex e-con-boxed e-con e-parent\" data-id=\"b8290d1\" data-element_type=\"container\">\n\t\t\t\t\t<div class=\"e-con-inner\">\n\t\t\t\t<div class=\"elementor-element elementor-element-22e26c3 elementor-widget elementor-widget-image\" data-id=\"22e26c3\" data-element_type=\"widget\" data-widget_type=\"image.default\">\n\t\t\t\t<div class=\"elementor-widget-container\">\n\t\t\t\t\t\t\t\t\t\t\t\t\t\t\t<img fetchpriority=\"high\" decoding=\"async\" width=\"640\" height=\"226\" src=\"https:\/\/cuanhayuda.com\/wp-content\/uploads\/2024\/12\/2-1-1024x362.jpg\" class=\"attachment-large size-large wp-image-154\" alt=\"\" srcset=\"https:\/\/cuanhayuda.com\/wp-content\/uploads\/2024\/12\/2-1-1024x362.jpg 1024w, https:\/\/cuanhayuda.com\/wp-content\/uploads\/2024\/12\/2-1-300x106.jpg 300w, https:\/\/cuanhayuda.com\/wp-content\/uploads\/2024\/12\/2-1-768x271.jpg 768w, https:\/\/cuanhayuda.com\/wp-content\/uploads\/2024\/12\/2-1-1536x543.jpg 1536w, https:\/\/cuanhayuda.com\/wp-content\/uploads\/2024\/12\/2-1.jpg 1884w\" sizes=\"(max-width: 640px) 100vw, 640px\" \/>\t\t\t\t\t\t\t\t\t\t\t\t\t\t\t<\/div>\n\t\t\t\t<\/div>\n\t\t\t\t\t<\/div>\n\t\t\t\t<\/div>\n\t\t\t\t<\/div>\n\t\t","protected":false},"excerpt":{"rendered":"<p>CUA NH\u00c0 YUDA V\u1edbi ph\u01b0\u01a1ng ch\u00e2m l\u00e0 &#8220;Ch\u00fang t\u00f4i kh\u00f4ng tr\u1eef cua, v\u00ec ch\u1ec9 c\u00f3 t\u01b0\u01a1i m\u1edbi l\u00e0 t\u1ed1t nh\u1ea5t, an to\u00e0n s\u1ee9c kh\u1ecfe cho [&hellip;]<\/p>\n","protected":false},"author":1,"featured_media":0,"parent":0,"menu_order":0,"comment_status":"closed","ping_status":"closed","template":"","meta":{"footnotes":""},"class_list":["post-45","page","type-page","status-publish","hentry"],"_links":{"self":[{"href":"https:\/\/cuanhayuda.com\/index.php\/wp-json\/wp\/v2\/pages\/45","targetHints":{"allow":["GET"]}}],"collection":[{"href":"https:\/\/cuanhayuda.com\/index.php\/wp-json\/wp\/v2\/pages"}],"about":[{"href":"https:\/\/cuanhayuda.com\/index.php\/wp-json\/wp\/v2\/types\/page"}],"author":[{"embeddable":true,"href":"https:\/\/cuanhayuda.com\/index.php\/wp-json\/wp\/v2\/users\/1"}],"replies":[{"embeddable":true,"href":"https:\/\/cuanhayuda.com\/index.php\/wp-json\/wp\/v2\/comments?post=45"}],"version-history":[{"count":29,"href":"https:\/\/cuanhayuda.com\/index.php\/wp-json\/wp\/v2\/pages\/45\/revisions"}],"predecessor-version":[{"id":340,"href":"https:\/\/cuanhayuda.com\/index.php\/wp-json\/wp\/v2\/pages\/45\/revisions\/340"}],"wp:attachment":[{"href":"https:\/\/cuanhayuda.com\/index.php\/wp-json\/wp\/v2\/media?parent=45"}],"curies":[{"name":"wp","href":"https:\/\/api.w.org\/{rel}","templated":true}]}}