{"id":43,"date":"2024-12-26T10:51:10","date_gmt":"2024-12-26T10:51:10","guid":{"rendered":"https:\/\/cuanhayuda.com\/?page_id=43"},"modified":"2025-02-04T18:56:45","modified_gmt":"2025-02-04T11:56:45","slug":"trang-chu","status":"publish","type":"page","link":"https:\/\/cuanhayuda.com\/","title":{"rendered":"Trang ch\u1ee7"},"content":{"rendered":"\t\t<div data-elementor-type=\"wp-page\" data-elementor-id=\"43\" class=\"elementor elementor-43\">\n\t\t\t\t<div class=\"elementor-element elementor-element-f7dab41 e-grid e-con-boxed e-con e-parent\" data-id=\"f7dab41\" data-element_type=\"container\">\n\t\t\t\t\t<div class=\"e-con-inner\">\n\t\t\t\t<div class=\"elementor-element elementor-element-f774bcc elementor-widget elementor-widget-heading\" data-id=\"f774bcc\" data-element_type=\"widget\" data-widget_type=\"heading.default\">\n\t\t\t\t<div class=\"elementor-widget-container\">\n\t\t\t\t\t<h2 class=\"elementor-heading-title elementor-size-default\">Ch\u00fang t\u00f4i kh\u00f4ng tr\u1eef cua, ch\u1ec9 cung c\u1ea5p cua t\u01b0\u01a1i ngon nh\u1ea5t<\/h2>\t\t\t\t<\/div>\n\t\t\t\t<\/div>\n\t\t\t\t<div class=\"elementor-element elementor-element-fb0bbbc elementor-widget elementor-widget-heading\" data-id=\"fb0bbbc\" data-element_type=\"widget\" data-widget_type=\"heading.default\">\n\t\t\t\t<div class=\"elementor-widget-container\">\n\t\t\t\t\t<h4 class=\"elementor-heading-title elementor-size-default\">Cua N\u0103m C\u0103n<br>   Cua N\u0103m C\u0103n c\u00f3 h\u00ecnh d\u00e1ng nh\u1ecf g\u1ecdn, th\u00e2n h\u00ecnh ch\u1eafc kh\u1ecfe, v\u1edbi l\u1edbp v\u1ecf c\u1ee9ng v\u00e0 s\u1eafc n\u00e9t. Nh\u01b0ng \u0111i\u1ec1u l\u00e0m n\u00ean s\u1ef1 kh\u00e1c bi\u1ec7t c\u1ee7a lo\u1ea1i cua n\u00e0y ch\u00ednh l\u00e0 ph\u1ea7n th\u1ecbt ng\u1ecdt, dai, v\u00e0 \u0111\u1eb7c bi\u1ec7t l\u00e0 s\u1ef1 \u0111\u1eadm \u0111\u00e0 kh\u00f4ng l\u1eabn v\u00e0o \u0111\u00e2u \u0111\u01b0\u1ee3c. <br>   V\u1edbi th\u1edb th\u1ecbt tr\u1eafng m\u1ecbn, m\u1ec1m m\u1ea1i, cua N\u0103m C\u0103n c\u00f3 th\u1ec3 ch\u1ebf bi\u1ebfn \u0111\u01b0\u1ee3c nhi\u1ec1u m\u00f3n ngon nh\u01b0 cua rang me, cua h\u1ea5p, hay cua n\u1ea5u b\u00fan, trong \u0111\u00f3, m\u00f3n cua rang me \u0111\u01b0\u1ee3c xem l\u00e0 m\u00f3n \u0103n \u0111\u1eb7c tr\u01b0ng v\u00e0 y\u00eau th\u00edch nh\u1ea5t. M\u00f3n cua rang me mang l\u1ea1i s\u1ef1 h\u00f2a quy\u1ec7n gi\u1eefa v\u1ecb chua nh\u1eb9 c\u1ee7a me, v\u1ecb m\u1eb7n m\u00e0 c\u1ee7a gia v\u1ecb v\u00e0 v\u1ecb ng\u1ecdt c\u1ee7a th\u1ecbt cua, t\u1ea1o n\u00ean m\u1ed9t tr\u1ea3i nghi\u1ec7m \u1ea9m th\u1ef1c \u0111\u1ea7y h\u1ea5p d\u1eabn.<\/h4>\t\t\t\t<\/div>\n\t\t\t\t<\/div>\n\t\t\t\t\t<\/div>\n\t\t\t\t<\/div>\n\t\t<div class=\"elementor-element elementor-element-c261c7c e-flex e-con-boxed e-con e-parent\" data-id=\"c261c7c\" data-element_type=\"container\">\n\t\t\t\t\t<div class=\"e-con-inner\">\n\t\t\t\t<div class=\"elementor-element elementor-element-921713a elementor-widget-divider--view-line_icon elementor-view-default elementor-widget-divider--element-align-center elementor-widget elementor-widget-divider\" data-id=\"921713a\" data-element_type=\"widget\" data-widget_type=\"divider.default\">\n\t\t\t\t<div class=\"elementor-widget-container\">\n\t\t\t\t\t\t\t<div class=\"elementor-divider\">\n\t\t\t<span class=\"elementor-divider-separator\">\n\t\t\t\t\t\t\t<div class=\"elementor-icon elementor-divider__element\">\n\t\t\t\t\t<svg aria-hidden=\"true\" class=\"e-font-icon-svg e-fas-star\" viewBox=\"0 0 576 512\" xmlns=\"http:\/\/www.w3.org\/2000\/svg\"><path d=\"M259.3 17.8L194 150.2 47.9 171.5c-26.2 3.8-36.7 36.1-17.7 54.6l105.7 103-25 145.5c-4.5 26.3 23.2 46 46.4 33.7L288 439.6l130.7 68.7c23.2 12.2 50.9-7.4 46.4-33.7l-25-145.5 105.7-103c19-18.5 8.5-50.8-17.7-54.6L382 150.2 316.7 17.8c-11.7-23.6-45.6-23.9-57.4 0z\"><\/path><\/svg><\/div>\n\t\t\t\t\t\t<\/span>\n\t\t<\/div>\n\t\t\t\t\t\t<\/div>\n\t\t\t\t<\/div>\n\t\t\t\t\t<\/div>\n\t\t\t\t<\/div>\n\t\t<div class=\"elementor-element elementor-element-9105554 e-con-full e-flex e-con e-parent\" data-id=\"9105554\" data-element_type=\"container\">\n\t\t<div class=\"elementor-element elementor-element-88b7d0e e-con-full e-flex e-con e-child\" data-id=\"88b7d0e\" data-element_type=\"container\">\n\t\t\t\t<div class=\"elementor-element elementor-element-25ff522 elementor-widget elementor-widget-image\" data-id=\"25ff522\" data-element_type=\"widget\" data-widget_type=\"image.default\">\n\t\t\t\t<div class=\"elementor-widget-container\">\n\t\t\t\t\t\t\t\t\t\t\t\t\t\t\t<img fetchpriority=\"high\" decoding=\"async\" width=\"640\" height=\"640\" src=\"https:\/\/cuanhayuda.com\/wp-content\/uploads\/2024\/12\/48-8.jpg\" class=\"attachment-large size-large wp-image-20\" alt=\"\" srcset=\"https:\/\/cuanhayuda.com\/wp-content\/uploads\/2024\/12\/48-8.jpg 800w, https:\/\/cuanhayuda.com\/wp-content\/uploads\/2024\/12\/48-8-300x300.jpg 300w, https:\/\/cuanhayuda.com\/wp-content\/uploads\/2024\/12\/48-8-150x150.jpg 150w, https:\/\/cuanhayuda.com\/wp-content\/uploads\/2024\/12\/48-8-768x768.jpg 768w, https:\/\/cuanhayuda.com\/wp-content\/uploads\/2024\/12\/48-8-700x700.jpg 700w\" sizes=\"(max-width: 640px) 100vw, 640px\" \/>\t\t\t\t\t\t\t\t\t\t\t\t\t\t\t<\/div>\n\t\t\t\t<\/div>\n\t\t\t\t<div class=\"elementor-element elementor-element-f968ed5 elementor-widget elementor-widget-heading\" data-id=\"f968ed5\" data-element_type=\"widget\" data-widget_type=\"heading.default\">\n\t\t\t\t<div class=\"elementor-widget-container\">\n\t\t\t\t\t<h2 class=\"elementor-heading-title elementor-size-default\"><h4 class=\"elementor-heading-title elementor-size-default elementor-inline-editing pen\" data-elementor-setting-key=\"title\" data-pen-placeholder=\"Type Here...\" style=\"font-weight: var( --e-global-typography-secondary-font-weight );font-family: var( --e-global-typography-secondary-font-family ), Sans-serif\">Cua t\u01b0\u01a1i:<br>Cua nh\u00e0 YuDa chuy\u00ean cung c\u1ea5p cua N\u0103m C\u0103n lo\u1ea1i 1, \u0111\u00e3 qua c\u00f4ng \u0111o\u1ea1n tuy\u1ec3n ch\u1ecdn t\u1eebng con v\u1edbi d\u00e2y tr\u00f3i kh\u00f4ng tr\u1ecdng l\u01b0\u1ee3ng.<\/h4><\/h2>\t\t\t\t<\/div>\n\t\t\t\t<\/div>\n\t\t\t\t<\/div>\n\t\t<div class=\"elementor-element elementor-element-069ee83 e-con-full e-flex e-con e-child\" data-id=\"069ee83\" data-element_type=\"container\">\n\t\t\t\t<div class=\"elementor-element elementor-element-f8e8fc0 elementor-widget__width-initial elementor-widget elementor-widget-image\" data-id=\"f8e8fc0\" data-element_type=\"widget\" data-widget_type=\"image.default\">\n\t\t\t\t<div class=\"elementor-widget-container\">\n\t\t\t\t\t\t\t\t\t\t\t\t\t\t\t<img decoding=\"async\" width=\"640\" height=\"640\" src=\"https:\/\/cuanhayuda.com\/wp-content\/uploads\/2024\/12\/2-30.jpg\" class=\"attachment-large size-large wp-image-79\" alt=\"\" srcset=\"https:\/\/cuanhayuda.com\/wp-content\/uploads\/2024\/12\/2-30.jpg 800w, https:\/\/cuanhayuda.com\/wp-content\/uploads\/2024\/12\/2-30-300x300.jpg 300w, https:\/\/cuanhayuda.com\/wp-content\/uploads\/2024\/12\/2-30-150x150.jpg 150w, https:\/\/cuanhayuda.com\/wp-content\/uploads\/2024\/12\/2-30-768x768.jpg 768w\" sizes=\"(max-width: 640px) 100vw, 640px\" \/>\t\t\t\t\t\t\t\t\t\t\t\t\t\t\t<\/div>\n\t\t\t\t<\/div>\n\t\t\t\t<div class=\"elementor-element elementor-element-a84598c elementor-widget elementor-widget-heading\" data-id=\"a84598c\" data-element_type=\"widget\" data-widget_type=\"heading.default\">\n\t\t\t\t<div class=\"elementor-widget-container\">\n\t\t\t\t\t<h2 class=\"elementor-heading-title elementor-size-default\"><h4 class=\"elementor-heading-title elementor-size-default elementor-inline-editing pen\" data-elementor-setting-key=\"title\" data-pen-placeholder=\"Type Here...\" style=\"font-weight: var( --e-global-typography-secondary-font-weight );font-family: var( --e-global-typography-secondary-font-family ), Sans-serif\">Cua h\u1ea5p:<br>V\u1edbi c\u00e1ch ch\u1ebf bi\u1ebfn \u0111\u01a1n gi\u1ea3n nh\u01b0ng h\u01b0\u01a1ng v\u1ecb \u0111\u1eadm \u0111\u00e0, m\u00f3n cua h\u1ea5p l\u00e0 l\u1ef1a ch\u1ecdn l\u00fd t\u01b0\u1edfng \u0111\u1ec3 th\u01b0\u1edfng th\u1ee9c trong nh\u1eefng d\u1ecbp sum v\u1ea7y hay nh\u1eefng b\u1eefa ti\u1ec7c h\u1ea3i s\u1ea3n, \u0111\u1eb7c bi\u1ec7t v\u00e0o nh\u1eefng ng\u00e0y m\u01b0a se l\u1ea1nh hay trong nh\u1eefng b\u1eefa \u0103n gia \u0111\u00ecnh \u1ea5m c\u00fang<\/h4><\/h2>\t\t\t\t<\/div>\n\t\t\t\t<\/div>\n\t\t\t\t<\/div>\n\t\t<div class=\"elementor-element elementor-element-f96ce4e e-con-full e-flex e-con e-child\" data-id=\"f96ce4e\" data-element_type=\"container\">\n\t\t\t\t<div class=\"elementor-element elementor-element-c855afa elementor-widget__width-initial elementor-widget elementor-widget-image\" data-id=\"c855afa\" data-element_type=\"widget\" data-widget_type=\"image.default\">\n\t\t\t\t<div class=\"elementor-widget-container\">\n\t\t\t\t\t\t\t\t\t\t\t\t\t\t\t<img decoding=\"async\" width=\"640\" height=\"640\" src=\"https:\/\/cuanhayuda.com\/wp-content\/uploads\/2024\/12\/lau-cua.jpg\" class=\"attachment-large size-large wp-image-17\" alt=\"\" srcset=\"https:\/\/cuanhayuda.com\/wp-content\/uploads\/2024\/12\/lau-cua.jpg 799w, https:\/\/cuanhayuda.com\/wp-content\/uploads\/2024\/12\/lau-cua-300x300.jpg 300w, https:\/\/cuanhayuda.com\/wp-content\/uploads\/2024\/12\/lau-cua-150x150.jpg 150w, https:\/\/cuanhayuda.com\/wp-content\/uploads\/2024\/12\/lau-cua-768x768.jpg 768w, https:\/\/cuanhayuda.com\/wp-content\/uploads\/2024\/12\/lau-cua-700x700.jpg 700w\" sizes=\"(max-width: 640px) 100vw, 640px\" \/>\t\t\t\t\t\t\t\t\t\t\t\t\t\t\t<\/div>\n\t\t\t\t<\/div>\n\t\t\t\t<div class=\"elementor-element elementor-element-ea332ed elementor-widget elementor-widget-heading\" data-id=\"ea332ed\" data-element_type=\"widget\" data-widget_type=\"heading.default\">\n\t\t\t\t<div class=\"elementor-widget-container\">\n\t\t\t\t\t<h2 class=\"elementor-heading-title elementor-size-default\"><h4 class=\"elementor-heading-title elementor-size-default elementor-inline-editing pen\" data-elementor-setting-key=\"title\" data-pen-placeholder=\"Type Here...\" style=\"font-weight: var( --e-global-typography-secondary-font-weight );font-family: var( --e-global-typography-secondary-font-family ), Sans-serif\">L\u1ea9u cua:<br>L\u1ea9u cua N\u0103m C\u0103n mang \u0111\u1ebfn m\u1ed9t c\u1ea3m gi\u00e1c \u1ea5m c\u00fang v\u00e0 \u0111\u1eadm \u0111\u00e0. N\u01b0\u1edbc l\u1ea9u ng\u1ecdt thanh t\u1eeb cua bi\u1ec3n v\u00e0 x\u01b0\u01a1ng h\u1ea7m, k\u1ebft h\u1ee3p v\u1edbi v\u1ecb chua nh\u1eb9 t\u1eeb me v\u00e0 d\u1ee9a, c\u00f9ng v\u1edbi c\u00e1c lo\u1ea1i rau xanh t\u01b0\u01a1i ngon khi\u1ebfn m\u00f3n \u0103n kh\u00f4ng b\u1ecb ng\u1ea5y m\u00e0 l\u1ea1i r\u1ea5t d\u1ec5 \u0103n<\/h4><\/h2>\t\t\t\t<\/div>\n\t\t\t\t<\/div>\n\t\t\t\t<\/div>\n\t\t\t\t<\/div>\n\t\t<div class=\"elementor-element elementor-element-ccaa7c6 e-grid e-con-boxed e-con e-parent\" data-id=\"ccaa7c6\" data-element_type=\"container\">\n\t\t\t\t\t<div class=\"e-con-inner\">\n\t\t\t\t<div class=\"elementor-element elementor-element-9255f67 elementor-widget elementor-widget-image\" data-id=\"9255f67\" data-element_type=\"widget\" data-widget_type=\"image.default\">\n\t\t\t\t<div class=\"elementor-widget-container\">\n\t\t\t\t\t\t\t\t\t\t\t\t\t\t\t<img loading=\"lazy\" decoding=\"async\" width=\"640\" height=\"640\" src=\"https:\/\/cuanhayuda.com\/wp-content\/uploads\/2024\/12\/1-29-1.jpg\" class=\"attachment-large size-large wp-image-280\" alt=\"\" srcset=\"https:\/\/cuanhayuda.com\/wp-content\/uploads\/2024\/12\/1-29-1.jpg 800w, https:\/\/cuanhayuda.com\/wp-content\/uploads\/2024\/12\/1-29-1-300x300.jpg 300w, https:\/\/cuanhayuda.com\/wp-content\/uploads\/2024\/12\/1-29-1-150x150.jpg 150w, https:\/\/cuanhayuda.com\/wp-content\/uploads\/2024\/12\/1-29-1-768x768.jpg 768w\" sizes=\"(max-width: 640px) 100vw, 640px\" \/>\t\t\t\t\t\t\t\t\t\t\t\t\t\t\t<\/div>\n\t\t\t\t<\/div>\n\t\t\t\t<div class=\"elementor-element elementor-element-4b98fbf elementor-widget elementor-widget-image\" data-id=\"4b98fbf\" data-element_type=\"widget\" data-widget_type=\"image.default\">\n\t\t\t\t<div class=\"elementor-widget-container\">\n\t\t\t\t\t\t\t\t\t\t\t\t\t\t\t<img loading=\"lazy\" decoding=\"async\" width=\"640\" height=\"640\" src=\"https:\/\/cuanhayuda.com\/wp-content\/uploads\/2024\/12\/1-36-1.jpg\" class=\"attachment-large size-large wp-image-281\" alt=\"\" srcset=\"https:\/\/cuanhayuda.com\/wp-content\/uploads\/2024\/12\/1-36-1.jpg 800w, https:\/\/cuanhayuda.com\/wp-content\/uploads\/2024\/12\/1-36-1-300x300.jpg 300w, https:\/\/cuanhayuda.com\/wp-content\/uploads\/2024\/12\/1-36-1-150x150.jpg 150w, https:\/\/cuanhayuda.com\/wp-content\/uploads\/2024\/12\/1-36-1-768x768.jpg 768w\" sizes=\"(max-width: 640px) 100vw, 640px\" \/>\t\t\t\t\t\t\t\t\t\t\t\t\t\t\t<\/div>\n\t\t\t\t<\/div>\n\t\t\t\t<div class=\"elementor-element elementor-element-2b0219e elementor-widget elementor-widget-image\" data-id=\"2b0219e\" data-element_type=\"widget\" data-widget_type=\"image.default\">\n\t\t\t\t<div class=\"elementor-widget-container\">\n\t\t\t\t\t\t\t\t\t\t\t\t\t\t\t<img loading=\"lazy\" decoding=\"async\" width=\"640\" height=\"640\" src=\"https:\/\/cuanhayuda.com\/wp-content\/uploads\/2024\/12\/49-1.jpg\" class=\"attachment-large size-large wp-image-283\" alt=\"\" srcset=\"https:\/\/cuanhayuda.com\/wp-content\/uploads\/2024\/12\/49-1.jpg 800w, https:\/\/cuanhayuda.com\/wp-content\/uploads\/2024\/12\/49-1-300x300.jpg 300w, https:\/\/cuanhayuda.com\/wp-content\/uploads\/2024\/12\/49-1-150x150.jpg 150w, https:\/\/cuanhayuda.com\/wp-content\/uploads\/2024\/12\/49-1-768x768.jpg 768w\" sizes=\"(max-width: 640px) 100vw, 640px\" \/>\t\t\t\t\t\t\t\t\t\t\t\t\t\t\t<\/div>\n\t\t\t\t<\/div>\n\t\t\t\t\t<\/div>\n\t\t\t\t<\/div>\n\t\t<div class=\"elementor-element elementor-element-f324aec e-flex e-con-boxed e-con e-parent\" data-id=\"f324aec\" data-element_type=\"container\">\n\t\t\t\t\t<div class=\"e-con-inner\">\n\t\t\t\t<div class=\"elementor-element elementor-element-1df406d elementor-widget-divider--view-line_icon elementor-view-default elementor-widget-divider--element-align-center elementor-widget elementor-widget-divider\" data-id=\"1df406d\" data-element_type=\"widget\" data-widget_type=\"divider.default\">\n\t\t\t\t<div class=\"elementor-widget-container\">\n\t\t\t\t\t\t\t<div class=\"elementor-divider\">\n\t\t\t<span class=\"elementor-divider-separator\">\n\t\t\t\t\t\t\t<div class=\"elementor-icon elementor-divider__element\">\n\t\t\t\t\t<svg aria-hidden=\"true\" class=\"e-font-icon-svg e-fas-star\" viewBox=\"0 0 576 512\" xmlns=\"http:\/\/www.w3.org\/2000\/svg\"><path d=\"M259.3 17.8L194 150.2 47.9 171.5c-26.2 3.8-36.7 36.1-17.7 54.6l105.7 103-25 145.5c-4.5 26.3 23.2 46 46.4 33.7L288 439.6l130.7 68.7c23.2 12.2 50.9-7.4 46.4-33.7l-25-145.5 105.7-103c19-18.5 8.5-50.8-17.7-54.6L382 150.2 316.7 17.8c-11.7-23.6-45.6-23.9-57.4 0z\"><\/path><\/svg><\/div>\n\t\t\t\t\t\t<\/span>\n\t\t<\/div>\n\t\t\t\t\t\t<\/div>\n\t\t\t\t<\/div>\n\t\t\t\t\t<\/div>\n\t\t\t\t<\/div>\n\t\t<div class=\"elementor-element elementor-element-437996d e-flex e-con-boxed e-con e-parent\" data-id=\"437996d\" data-element_type=\"container\">\n\t\t\t\t\t<div class=\"e-con-inner\">\n\t\t\t\t<div class=\"elementor-element elementor-element-ed5e8fb elementor-widget elementor-widget-image\" data-id=\"ed5e8fb\" data-element_type=\"widget\" data-widget_type=\"image.default\">\n\t\t\t\t<div class=\"elementor-widget-container\">\n\t\t\t\t\t\t\t\t\t\t\t\t\t\t\t<img loading=\"lazy\" decoding=\"async\" width=\"640\" height=\"226\" src=\"https:\/\/cuanhayuda.com\/wp-content\/uploads\/2024\/12\/2-1-1024x362.jpg\" class=\"attachment-large size-large wp-image-154\" alt=\"\" srcset=\"https:\/\/cuanhayuda.com\/wp-content\/uploads\/2024\/12\/2-1-1024x362.jpg 1024w, https:\/\/cuanhayuda.com\/wp-content\/uploads\/2024\/12\/2-1-300x106.jpg 300w, https:\/\/cuanhayuda.com\/wp-content\/uploads\/2024\/12\/2-1-768x271.jpg 768w, https:\/\/cuanhayuda.com\/wp-content\/uploads\/2024\/12\/2-1-1536x543.jpg 1536w, https:\/\/cuanhayuda.com\/wp-content\/uploads\/2024\/12\/2-1.jpg 1884w\" sizes=\"(max-width: 640px) 100vw, 640px\" \/>\t\t\t\t\t\t\t\t\t\t\t\t\t\t\t<\/div>\n\t\t\t\t<\/div>\n\t\t\t\t\t<\/div>\n\t\t\t\t<\/div>\n\t\t\t\t<\/div>\n\t\t","protected":false},"excerpt":{"rendered":"<p>Ch\u00fang t\u00f4i kh\u00f4ng tr\u1eef cua, ch\u1ec9 cung c\u1ea5p cua t\u01b0\u01a1i ngon nh\u1ea5t Cua N\u0103m C\u0103n Cua N\u0103m C\u0103n c\u00f3 h\u00ecnh d\u00e1ng nh\u1ecf g\u1ecdn, th\u00e2n h\u00ecnh [&hellip;]<\/p>\n","protected":false},"author":1,"featured_media":0,"parent":0,"menu_order":0,"comment_status":"closed","ping_status":"closed","template":"","meta":{"footnotes":""},"class_list":["post-43","page","type-page","status-publish","hentry"],"_links":{"self":[{"href":"https:\/\/cuanhayuda.com\/index.php\/wp-json\/wp\/v2\/pages\/43","targetHints":{"allow":["GET"]}}],"collection":[{"href":"https:\/\/cuanhayuda.com\/index.php\/wp-json\/wp\/v2\/pages"}],"about":[{"href":"https:\/\/cuanhayuda.com\/index.php\/wp-json\/wp\/v2\/types\/page"}],"author":[{"embeddable":true,"href":"https:\/\/cuanhayuda.com\/index.php\/wp-json\/wp\/v2\/users\/1"}],"replies":[{"embeddable":true,"href":"https:\/\/cuanhayuda.com\/index.php\/wp-json\/wp\/v2\/comments?post=43"}],"version-history":[{"count":43,"href":"https:\/\/cuanhayuda.com\/index.php\/wp-json\/wp\/v2\/pages\/43\/revisions"}],"predecessor-version":[{"id":318,"href":"https:\/\/cuanhayuda.com\/index.php\/wp-json\/wp\/v2\/pages\/43\/revisions\/318"}],"wp:attachment":[{"href":"https:\/\/cuanhayuda.com\/index.php\/wp-json\/wp\/v2\/media?parent=43"}],"curies":[{"name":"wp","href":"https:\/\/api.w.org\/{rel}","templated":true}]}}